{"id":203,"date":"2015-11-25T13:04:59","date_gmt":"2015-11-25T13:04:59","guid":{"rendered":"https:\/\/designamalaga.com\/?page_id=203"},"modified":"2024-09-11T09:37:13","modified_gmt":"2024-09-11T09:37:13","slug":"about-us-2","status":"publish","type":"page","link":"https:\/\/designamalaga.com\/da\/about-us-2\/","title":{"rendered":"Om os"},"content":{"rendered":"<div data-section-type=\"fullwidth-background\" data-image-type=\"none\" data-full-height=\"no\"  style=\"padding-top: 120px;padding-bottom: 120px;margin-bottom: 0px;\" class=\"eut-section eut-feature-header\"><div class=\"eut-row eut-bookmark\"><div class=\"eut-column wpb_column eut-column-1-2\"><div class=\"eut-element eut-text eut-animated-item eut-fadeInLeft\" data-delay=\"200\"><h3 class=\"itemTitle\">Form og funktion<\/h3>\n<div id=\"comp-jufb2p5w4\" class=\"_1Z_nJ\" data-testid=\"richTextElement\">\n<p class=\"font_8\"><span class=\"color_11\">DESIGNA er dansk design til hverdagsbrug<\/span><\/p>\n<\/div>\n<div id=\"comp-jufb2p5w5\" class=\"_1Z_nJ\" data-testid=\"richTextElement\">\n<p class=\"font_9\"><span class=\"color_11\">Vi eksler godt design, hvor form og funktion er en daglig gl\u00e6de, og til fornuftige priser. Vi \u00f8nsker at give dig design og kvalitet til en fair pris, der inkluderer tillidsfuld og sikker fuld service proces med DESIGNA.<\/span><\/p>\n<\/div>\n<\/div><\/div><div class=\"eut-column wpb_column eut-column-1-2\"><div class=\"eut-element eut-text eut-animated-item eut-fadeInRight\" data-delay=\"200\"><h3 class=\"itemTitle\">History<\/h3>\n<p class=\"font_9\"><span class=\"color_11\">DESIGNA er grundlagt i 1992 i Kjellerup, Danmark. VI tilbyder m\u00f8bler i h\u00e5ndv\u00e6rksm\u00e6ssig kvalitet til k\u00f8kken, bad og garderobe fra vor moderne fabrik i Danmark.\u00a0 <\/span><span class=\"color_11\">You can enjoy solid furniture craftmanship\u00a0from our modern factory in Denmark.\u00a0<\/span><\/p>\n<p class=\"font_9\"><span class=\"wixGuard\">\u200b<\/span><span class=\"color_11\">DESIGNA er den st\u00f8rste privat-ejede k\u00f8kken-fabrik i Danmark og besk\u00e6ftiger omkring 170 medarbejdere. <\/span><span class=\"color_11\">DESIGNA er repr\u00e6senteret med mere end 50 forhandlere i Danmark og Norge. Og naturligvis i M\u00e0lage, Costa del Sol.<\/span><\/p>\n<\/div><\/div><\/div><div class=\"eut-bg-wrapper\"><\/div><\/div><div data-section-type=\"fullwidth-element\" data-image-type=\"none\" data-full-height=\"no\"  style=\"margin-bottom: 0px;\" class=\"eut-section\"><div class=\"eut-row eut-bookmark\"><div class=\"eut-column wpb_column eut-column-1\"><div class=\"eut-element eut-hr\" style=\"\"><div class=\"eut-line-divider\"><\/div><\/div><\/div><\/div><div class=\"eut-bg-wrapper\"><\/div><\/div><div data-section-type=\"fullwidth-background\" data-image-type=\"parallax\" data-full-height=\"no\"  style=\"color:#ffffff;padding-top: 150px;padding-bottom: 150px;margin-bottom: 0px;\" class=\"eut-section eut-light\"><div class=\"eut-row eut-bookmark\"><div class=\"eut-column wpb_column eut-column-1 vc_custom_1450666486729\"><h3 class=\"eut-element eut-align-center eut-title-line\" style=\"\"><span>Vore kunder siger<\/span><\/h3>\t\t\t<div class=\"eut-element eut-testimonial eut-carousel-element eut-align-center eut-leader-text\" style=\"\" data-slider-speed=\"3000\" data-pagination-speed=\"400\" data-slider-autoheight=\"no\" data-slider-pause=\"no\" data-slider-autoplay=\"yes\">\r\n\r\n\t\t\t\t\t\t<div class=\"eut-testimonial-element\">\r\n\t\t\t\t\t<p id=\"tw-target-text\" class=\"tw-data-text tw-text-large tw-ta\" dir=\"ltr\" data-placeholder=\"Translation\"><span class=\"Y2IQFc\" lang=\"en\">&#8220;DESIGNA Malaga kitchen is clearly recommended &#8211; simple, beautiful Scandinavian designs. Talk to them about what you want and they will come up with something that suits your needs.&#8221;<\/span><\/p>\n<p>&#8211; Peter Hartmann<\/p>\n\t\t\t\t\t\t\t\t\t<\/div>\r\n\t\t\t\t\t\t<div class=\"eut-testimonial-element\">\r\n\t\t\t\t\t<p id=\"tw-target-text\" class=\"tw-data-text tw-text-large tw-ta\" dir=\"ltr\" data-placeholder=\"Translation\"><span class=\"Y2IQFc\" lang=\"en\">&#8220;I was just about to buy a kitchen from another company, but I got good advice, guidance and explanation and chose to buy a DESIGNA Malaga kitchen for my new office, hold on&#8230;.. what a good choice it was!<br \/>\nSuper quality and everything works, not all the hassle with doors and drawers and especially adjustments! Many thanks for a really good treatment.&#8221;<\/span><\/p>\n<p>&#8211; Tom Duebaeck<\/p>\n\t\t\t\t\t\t\t\t\t<\/div>\r\n\t\t\t\t\t\t<div class=\"eut-testimonial-element\">\r\n\t\t\t\t\t<p id=\"tw-target-text\" class=\"tw-data-text tw-text-large tw-ta\" dir=\"ltr\" data-placeholder=\"Translation\"><span class=\"Y2IQFc\" lang=\"en\">&#8220;I would definitely recommend a kitchen from DESIGNA Malaga &#8211; gorgeous Nordic quality and cool designs &#8211; just the way you like it. It is a super team with good sparring and inspiration. Would recommend a kitchen from DESIGNA Malaga to everyone.&#8221; <\/span><\/p>\n<p class=\"tw-data-text tw-text-large tw-ta\" dir=\"ltr\" data-placeholder=\"Translation\"><span class=\"Y2IQFc\" lang=\"en\">&#8211; Line Kirkemoe J\u00f8rgensen<\/span><\/p>\n\t\t\t\t\t\t\t\t\t<\/div>\r\n\t\t\t\t\t\t<div class=\"eut-testimonial-element\">\r\n\t\t\t\t\t<p id=\"tw-target-text\" class=\"tw-data-text tw-text-large tw-ta\" dir=\"ltr\" data-placeholder=\"Translation\"><span class=\"Y2IQFc\" lang=\"en\">&#8220;We will at any time recommend Mikkel &amp; his team at DESIGNA Malaga. From start to finish, I had great confidence in Mikkel, as it was a job they did, while we were on long distance. The kitchen and bathroom have turned out exactly as we dreamed of.&#8221; <\/span><\/p>\n<p class=\"tw-data-text tw-text-large tw-ta\" dir=\"ltr\" data-placeholder=\"Translation\"><span class=\"Y2IQFc\" lang=\"en\">&#8211; Anitta Skj\u00f8tt Jensen <\/span><\/p>\n\t\t\t\t\t\t\t\t\t<\/div>\r\n\t\t\t\t\t\t<div class=\"eut-testimonial-element\">\r\n\t\t\t\t\t<p>&#8220;Great service and super nice scandinavian design. Best choice for our new kitchen in Spain.<\/p>\n<p>MANY THANKS&#8221;<\/p>\n<p>&#8211; Juliana Sch\u00fctz<\/p>\n\t\t\t\t\t\t\t\t\t<\/div>\r\n\t\t\t\t\t\t<div class=\"eut-testimonial-element\">\r\n\t\t\t\t\t<p>&#8220;I am very impressed with DESIGNA Malaga.<br \/>\nJesper approached our project with great care and offered a couple of brilliant designs that could be viewed in 3D from different angles. He gave some invaluable advice and was very flexible and accommodating during the customization process.<\/p>\n<p>The installation by Mikkel was smooth and in a very high standard. The final result was a great quality robust and stylish kitchen that we are very proud of.&#8221;<\/p>\n<p>&#8211; Lana Crow<\/p>\n\t\t\t\t\t\t\t\t\t<\/div>\r\n\t\t\t\t\t\t<div class=\"eut-testimonial-element\">\r\n\t\t\t\t\t<div id=\"comp-jvfmwn4t\" class=\"_1HpZ_\">\n<div class=\"\" data-mesh-id=\"comp-jvfmwn4tinlineContent\" data-testid=\"inline-content\">\n<div data-mesh-id=\"comp-jvfmwn4tinlineContent-gridContainer\" data-testid=\"mesh-container-content\">\n<div id=\"comp-jvfmwn57\" class=\"_1Z_nJ\" data-testid=\"richTextElement\">\n<p class=\"font_8\"><span class=\"color_11\">Vi kendte allerede DESIGNA og var ikke det mindste i tvivl om at v\u00e6lge dem til at forny vores k\u00f8kken.<br \/>\n<\/span><span class=\"color_11\">Meget professionel service og god kommunikation hele vejen igennem.<br \/>\n<\/span>Vi er yderst tilfredse med resultatet og kan varmt anbefale DESIGNA til alle der \u00f8nsker at forny deres k\u00f8kken.<\/p>\n<\/div>\n<\/div>\n<\/div>\n<\/div>\n\t\t\t\t\t\t\t\t\t<\/div>\r\n\t\t\t\t\t\t<div class=\"eut-testimonial-element\">\r\n\t\t\t\t\t<div class=\"\" data-mesh-id=\"comp-jvfmlx8finlineContent\" data-testid=\"inline-content\">\n<div data-mesh-id=\"comp-jvfmlx8finlineContent-gridContainer\" data-testid=\"mesh-container-content\">\n<div id=\"comp-jvfmlx8t\" class=\"_1Z_nJ\" data-testid=\"richTextElement\">\n<p class=\"font_8\"><span class=\"color_11\">&#8220;We wanted to renovate our apartment in Fuengirola and was recommended DESIGNA Malaga. They came to our apartment and did the measurements, so we could get an offer for a new kitchen, new bath and closets in the bedroom. They had many good suggestions and were very professional.\u00a0<\/span><\/p>\n<p class=\"font_8\"><span class=\"color_11\">We quickly got a good offer and a timeline that has been kept all along. The job was done by skilled Danish carpenters that we were very pleased with. We only have kind words to say and we can highly recommend DESIGNA.&#8221;<\/span><\/p>\n<p class=\"font_8\"><span class=\"color_11\"><span class=\"wixGuard\">\u200b-\u00a0<\/span><\/span><span class=\"color_11\">Hans og Sanne Larsen<\/span><\/p>\n<\/div>\n<\/div>\n<\/div>\n\t\t\t\t\t\t\t\t\t<\/div>\r\n\t\t\t\t\t<\/div>\r\n\r\n\t\t<\/div><\/div><div class=\"eut-bg-wrapper\"><div class=\"eut-dark-overlay eut-overlay-80\"><\/div><div class=\"eut-bg-image eut-parallax-section\"  style=\"background-image: url(https:\/\/designamalaga.com\/wp-content\/uploads\/2021\/04\/SILK_Silk.Blaa_Highres_v01_lysere-1920x1536.jpg);\"><\/div><\/div><\/div><div data-section-type=\"fullwidth-element\" data-image-type=\"none\" data-full-height=\"no\"  style=\"margin-bottom: 0px;\" class=\"eut-section\"><div class=\"eut-row eut-bookmark\"><div class=\"eut-column wpb_column eut-column-1\"><div class=\"eut-element eut-hr\" style=\"\"><div class=\"eut-line-divider\"><\/div><\/div><\/div><\/div><div class=\"eut-bg-wrapper\"><\/div><\/div><div data-section-type=\"fullwidth-background\" data-image-type=\"none\" data-full-height=\"no\"  style=\"padding-top: 80px;padding-bottom: 120px;margin-bottom: 0px;\" class=\"eut-section eut-feature-footer\"><div class=\"eut-row eut-bookmark\"><div class=\"eut-column wpb_column eut-column-1\"><div class=\"eut-element eut-slogan eut-align-center\" style=\"\"><h3 class=\"eut-slogan-title eut-align-center eut-title-line\"><span>Designa Dream Team<\/span><\/h3>  <p class=\"\">Vi er her for at hj\u00e6lpe dig!<\/p><\/div><\/div><div class=\"eut-column wpb_column eut-column-1\"><div class=\"vc_empty_space\"   style=\"height: 60px\"><span class=\"vc_empty_space_inner\"><\/span><\/div><\/div><div class=\"eut-column wpb_column eut-column-1-3\">\r\n\t\t<div class=\"eut-team eut-element eut-animated-item eut-fadeInUp\" style=\"\" data-delay=\"400\">\r\n\t\t\t<figure>\r\n\t\t\t\t\t\t\t\t<div class=\"eut-team-person eut-media\">\r\n\t\t\t\t\t<img width=\"600\" height=\"600\" src=\"https:\/\/designamalaga.com\/wp-content\/uploads\/2021\/03\/mikkel-600x600.jpg\" class=\"attachment-engic-eutf-small-square size-engic-eutf-small-square\" alt=\"\" loading=\"lazy\" srcset=\"https:\/\/designamalaga.com\/wp-content\/uploads\/2021\/03\/mikkel-600x600.jpg 600w, https:\/\/designamalaga.com\/wp-content\/uploads\/2021\/03\/mikkel-150x150.jpg 150w\" sizes=\"(max-width: 600px) 100vw, 600px\" \/>\t\t\t\t<\/div>\r\n\t\t\t\t\t\t\t\t<figcaption>\r\n\t\t\t\t\t<div class=\"eut-team-description eut-align-center\">\r\n\t\t\t\t\t\t\t\t\t\t\t\t<h5 class=\"eut-team-name\">Mikkel Hansen<\/h5>\r\n\t\t\t\t\t\t\t\t\t\t\t\t\t\t\t\t\t\t<div class=\"eut-team-identity eut-small-text eut-color-primary-1\">Med-ejer<\/div>\r\n\t\t\t\t\t\t\t\t\t\t\t\t\t\t\t\t\t\t<p class=\"eut-team-content\">Med min erfaring i konstruktion og montering af k\u00f8kkener vil du ofte finde mig ude p\u00e5 projekter, hvor jeg overv\u00e5ger, at alt g\u00e5r efter kundens plan og \u00f8nsker. <\/p>\r\n\t\t\t\t\t\t\t\t\t\t\t<\/div>\r\n\t\t\t\t\t\t\t\t\t\t<div class=\"eut-team-social eut-align-center\">\r\n\t\t\t\t\t\t<ul>\r\n\t\t\t\t\t\t\t<li><a href=\"mailto:mikk&#101;l&#64;&#100;es&#105;&#103;n&#97;&#109;a&#108;&#97;g&#97;&#46;co&#109;\" class=\"eut-small-text eut-color-text eut-hover-color-primary-1\">E-mail<\/a><\/li>\t\t\t\t\t\t<\/ul>\r\n\t\t\t\t\t<\/div>\r\n\t\t\t\t\t\t\t\t\t<\/figcaption>\r\n\t\t\t<\/figure>\r\n\t\t<\/div>\r\n\r\n\t\t<\/div><\/div><div class=\"eut-bg-wrapper\"><\/div><\/div><div data-section-type=\"fullwidth-background\" data-image-type=\"none\" data-full-height=\"no\"  style=\"background-color:#e5e5e5;padding-top: 120px;padding-bottom: 120px;margin-bottom: 0px;\" class=\"eut-section\"><div class=\"eut-row eut-bookmark\"><div class=\"eut-column wpb_column eut-column-1\"><div class=\"eut-element eut-slogan eut-align-center\" style=\"\"><div class=\"eut-subtitle\">VI mener at have<\/div><h3 class=\"eut-slogan-title eut-align-center eut-title-no-line\"><span>3 grunde til vor succes<\/span><\/h3><\/div><\/div><div class=\"eut-column wpb_column eut-column-1\"><div class=\"vc_empty_space\"   style=\"height: 60px\"><span class=\"vc_empty_space_inner\"><\/span><\/div><\/div><div class=\"eut-column wpb_column eut-column-1-3 eut-tablet-sm-column-1\"><div class=\"eut-element eut-box-icon eut-align-center eut-small eut-animated-item eut-fadeInUp eut-with-shape\" style=\"\" data-delay=\"200\"><div class=\"eut-wrapper-icon eut-simple eut-square eut-bg-primary-1\"><span class=\"eut-color-white\">1<\/span><\/div>  <div class=\"eut-box-content\">    <div class=\"eut-box-title-wrapper\">      <h5 class=\"eut-box-title\">Dansk design og produktion<\/h5>    <\/div>    <p class=\"\">Med fokus p\u00e5 design og kvalitet, et flot produkt, udviklet og produceret i Danmark.<\/p>  <\/div><\/div><\/div><div class=\"eut-column wpb_column eut-column-1-3 eut-tablet-sm-column-1\"><div class=\"eut-element eut-box-icon eut-align-center eut-small eut-animated-item eut-fadeInUp eut-with-shape\" style=\"\" data-delay=\"400\"><div class=\"eut-wrapper-icon eut-simple eut-square eut-bg-primary-1\"><span class=\"eut-color-white\">2<\/span><\/div>  <div class=\"eut-box-content\">    <div class=\"eut-box-title-wrapper\">      <h5 class=\"eut-box-title\">Individuel service<\/h5>    <\/div>    <p class=\"\">Om du mangler k\u00f8kken, bad eller garderobe - vi udarbejder et forslag p\u00e5 dine pr\u00e6misser.<\/p>  <\/div><\/div><\/div><div class=\"eut-column wpb_column eut-column-1-3 eut-tablet-sm-column-1\"><div class=\"eut-element eut-box-icon eut-align-center eut-small eut-animated-item eut-fadeInUp eut-with-shape\" style=\"\" data-delay=\"600\"><div class=\"eut-wrapper-icon eut-simple eut-square eut-bg-primary-1\"><span class=\"eut-color-white\">3<\/span><\/div>  <div class=\"eut-box-content\">    <div class=\"eut-box-title-wrapper\">      <h5 class=\"eut-box-title\">Erfaringer<\/h5>    <\/div>    <p class=\"\">Med vores erfaring, \u00f8nsker vi at give dig fuld sikkerhed gennem hele processen<\/p>  <\/div><\/div><\/div><\/div><div class=\"eut-bg-wrapper\"><\/div><\/div><div data-section-type=\"fullwidth-element\" data-image-type=\"none\" data-full-height=\"no\"  style=\"margin-bottom: 0px;\" class=\"eut-section\"><div class=\"eut-row eut-bookmark\"><div class=\"eut-column wpb_column eut-column-1\"><div class=\"eut-element eut-gallery-popup eut-isotope eut-gallery eut-with-gap\" style=\"\" data-columns=\"3\" data-columns-tablet-landscape=\"3\" data-columns-tablet-portrait=\"3\" data-columns-mobile=\"1\" data-layout=\"fitRows\" data-gutter-size=\"40\">  <div class=\"eut-isotope-container\"><div class=\"eut-isotope-item\">  <div class=\"eut-isotope-item-inner eut-fadeInUp\"><a href=\"https:\/\/designamalaga.com\/wp-content\/uploads\/2021\/03\/Presa_Mork_gra\u030a_Highres.jpg\">      <figure class=\"eut-image-hover eut-zoom-none\">        <div class=\"eut-media eut-dark-overlay eut-opacity-50\"><img width=\"600\" height=\"600\" src=\"https:\/\/designamalaga.com\/wp-content\/uploads\/2021\/03\/Presa_Mork_gra\u030a_Highres-600x600.jpg\" class=\"attachment-engic-eutf-small-square size-engic-eutf-small-square\" alt=\"\" loading=\"lazy\" srcset=\"https:\/\/designamalaga.com\/wp-content\/uploads\/2021\/03\/Presa_Mork_gra\u030a_Highres-600x600.jpg 600w, https:\/\/designamalaga.com\/wp-content\/uploads\/2021\/03\/Presa_Mork_gra\u030a_Highres-300x300.jpg 300w, https:\/\/designamalaga.com\/wp-content\/uploads\/2021\/03\/Presa_Mork_gra\u030a_Highres-1024x1024.jpg 1024w, https:\/\/designamalaga.com\/wp-content\/uploads\/2021\/03\/Presa_Mork_gra\u030a_Highres-150x150.jpg 150w, https:\/\/designamalaga.com\/wp-content\/uploads\/2021\/03\/Presa_Mork_gra\u030a_Highres-768x768.jpg 768w, https:\/\/designamalaga.com\/wp-content\/uploads\/2021\/03\/Presa_Mork_gra\u030a_Highres-12x12.jpg 12w, https:\/\/designamalaga.com\/wp-content\/uploads\/2021\/03\/Presa_Mork_gra\u030a_Highres-1120x1120.jpg 1120w, https:\/\/designamalaga.com\/wp-content\/uploads\/2021\/03\/Presa_Mork_gra\u030a_Highres.jpg 1417w\" sizes=\"(max-width: 600px) 100vw, 600px\" \/>        <\/div>        <figcaption><h5 class=\"eut-title eut-dark\">K\u00f8kken<\/h5>        <\/figcaption>      <\/figure><\/a>  <\/div><\/div><div class=\"eut-isotope-item\">  <div class=\"eut-isotope-item-inner eut-fadeInUp\"><a href=\"https:\/\/designamalaga.com\/wp-content\/uploads\/2021\/04\/BATH_SILK_Axis_Bad_Silk_Sort_Highres_01.jpg\">      <figure class=\"eut-image-hover eut-zoom-none\">        <div class=\"eut-media eut-dark-overlay eut-opacity-50\"><img width=\"600\" height=\"600\" src=\"https:\/\/designamalaga.com\/wp-content\/uploads\/2021\/04\/BATH_SILK_Axis_Bad_Silk_Sort_Highres_01-600x600.jpg\" class=\"attachment-engic-eutf-small-square size-engic-eutf-small-square\" alt=\"\" loading=\"lazy\" srcset=\"https:\/\/designamalaga.com\/wp-content\/uploads\/2021\/04\/BATH_SILK_Axis_Bad_Silk_Sort_Highres_01-600x600.jpg 600w, https:\/\/designamalaga.com\/wp-content\/uploads\/2021\/04\/BATH_SILK_Axis_Bad_Silk_Sort_Highres_01-150x150.jpg 150w, https:\/\/designamalaga.com\/wp-content\/uploads\/2021\/04\/BATH_SILK_Axis_Bad_Silk_Sort_Highres_01-1120x1120.jpg 1120w\" sizes=\"(max-width: 600px) 100vw, 600px\" \/>        <\/div>        <figcaption><h5 class=\"eut-title eut-dark\">Bathroom<\/h5>        <\/figcaption>      <\/figure><\/a>  <\/div><\/div><div class=\"eut-isotope-item\">  <div class=\"eut-isotope-item-inner eut-fadeInUp\"><a href=\"https:\/\/designamalaga.com\/wp-content\/uploads\/2021\/03\/Skydedor_eg_Kontor_Highres.jpg\">      <figure class=\"eut-image-hover eut-zoom-none\">        <div class=\"eut-media eut-dark-overlay eut-opacity-50\"><img width=\"600\" height=\"600\" src=\"https:\/\/designamalaga.com\/wp-content\/uploads\/2021\/03\/Skydedor_eg_Kontor_Highres-600x600.jpg\" class=\"attachment-engic-eutf-small-square size-engic-eutf-small-square\" alt=\"\" loading=\"lazy\" srcset=\"https:\/\/designamalaga.com\/wp-content\/uploads\/2021\/03\/Skydedor_eg_Kontor_Highres-600x600.jpg 600w, https:\/\/designamalaga.com\/wp-content\/uploads\/2021\/03\/Skydedor_eg_Kontor_Highres-300x300.jpg 300w, https:\/\/designamalaga.com\/wp-content\/uploads\/2021\/03\/Skydedor_eg_Kontor_Highres-1024x1024.jpg 1024w, https:\/\/designamalaga.com\/wp-content\/uploads\/2021\/03\/Skydedor_eg_Kontor_Highres-150x150.jpg 150w, https:\/\/designamalaga.com\/wp-content\/uploads\/2021\/03\/Skydedor_eg_Kontor_Highres-768x768.jpg 768w, https:\/\/designamalaga.com\/wp-content\/uploads\/2021\/03\/Skydedor_eg_Kontor_Highres-12x12.jpg 12w, https:\/\/designamalaga.com\/wp-content\/uploads\/2021\/03\/Skydedor_eg_Kontor_Highres-1120x1120.jpg 1120w, https:\/\/designamalaga.com\/wp-content\/uploads\/2021\/03\/Skydedor_eg_Kontor_Highres.jpg 1417w\" sizes=\"(max-width: 600px) 100vw, 600px\" \/>        <\/div>        <figcaption><h5 class=\"eut-title eut-dark\">Garderobe<\/h5>        <\/figcaption>      <\/figure><\/a>  <\/div><\/div>  <\/div><\/div><\/div><\/div><div class=\"eut-bg-wrapper\"><\/div><\/div>","protected":false},"excerpt":{"rendered":"\"We wanted to renovate our apartment in Fuengirola and was recommended DESIGNA Malaga. They came to our apartment and did the measurements, so we could get an offer for a new kitchen, new bath and closets in the bedroom. They had many good suggestions and were very professional.\u00a0 We quickly got a good offer and [...]","protected":false},"author":1,"featured_media":0,"parent":0,"menu_order":0,"comment_status":"closed","ping_status":"closed","template":"","meta":[],"_links":{"self":[{"href":"https:\/\/designamalaga.com\/da\/wp-json\/wp\/v2\/pages\/203"}],"collection":[{"href":"https:\/\/designamalaga.com\/da\/wp-json\/wp\/v2\/pages"}],"about":[{"href":"https:\/\/designamalaga.com\/da\/wp-json\/wp\/v2\/types\/page"}],"author":[{"embeddable":true,"href":"https:\/\/designamalaga.com\/da\/wp-json\/wp\/v2\/users\/1"}],"replies":[{"embeddable":true,"href":"https:\/\/designamalaga.com\/da\/wp-json\/wp\/v2\/comments?post=203"}],"version-history":[{"count":20,"href":"https:\/\/designamalaga.com\/da\/wp-json\/wp\/v2\/pages\/203\/revisions"}],"predecessor-version":[{"id":3140,"href":"https:\/\/designamalaga.com\/da\/wp-json\/wp\/v2\/pages\/203\/revisions\/3140"}],"wp:attachment":[{"href":"https:\/\/designamalaga.com\/da\/wp-json\/wp\/v2\/media?parent=203"}],"curies":[{"name":"wp","href":"https:\/\/api.w.org\/{rel}","templated":true}]}}