{"id":2048,"date":"2015-12-22T23:25:22","date_gmt":"2015-12-22T23:25:22","guid":{"rendered":"https:\/\/designamalaga.com\/?page_id=2048"},"modified":"2021-05-04T20:19:10","modified_gmt":"2021-05-04T20:19:10","slug":"home","status":"publish","type":"page","link":"https:\/\/designamalaga.com\/da\/","title":{"rendered":"Hjem"},"content":{"rendered":"<div data-section-type=\"fullwidth-background\" data-image-type=\"none\" data-full-height=\"no\"  style=\"background-color:#f7f7f7;padding-top: 120px;padding-bottom: 120px;margin-bottom: 0px;\" class=\"eut-section eut-feature-header\"><div class=\"eut-row eut-bookmark\"><div class=\"eut-column wpb_column eut-column-1\"><div class=\"eut-element eut-slogan eut-align-center eut-animated-item eut-fadeInUp\" style=\"\" data-delay=\"400\"><div class=\"eut-subtitle\">DESIGNA er grundlagt i 1992 i Kjellerup, Danmark. VI tilbyder m\u00f8bler i h\u00e5ndv\u00e6rksm\u00e6ssig kvalitet til k\u00f8kken, bad og garderobe fra vor moderne fabrik i Danmark.<\/div><h2 class=\"eut-slogan-title eut-align-center eut-title-no-line\"><span>DESIGNA er dansk design til hverdagsbrug<\/span><\/h2><div class=\"eut-btn-wrapper\"><a class=\"eut-btn eut-btn-medium eut-square eut-bg-primary-1\" href=\"https:\/\/designamalaga.com\/da\/about-us-2\/\" target=\"_self\" style=\"\"><span>Se mere om os<\/span><\/a><\/div><\/div><\/div><\/div><div class=\"eut-bg-wrapper\"><\/div><\/div><div data-section-type=\"fullwidth-element\" data-image-type=\"none\" data-full-height=\"no\"  style=\"margin-bottom: 0px;\" class=\"eut-section\"><div class=\"eut-row eut-bookmark\"><div class=\"eut-column wpb_column eut-column-1\"><div class=\"eut-element eut-hr\" style=\"\"><div class=\"eut-line-divider\"><\/div><\/div><\/div><\/div><div class=\"eut-bg-wrapper\"><\/div><\/div><div data-section-type=\"fullwidth-background\" data-image-type=\"none\" data-full-height=\"no\"  style=\"background-color:#ffffff;color:#000000;padding-top: 100px;padding-bottom: 180px;\" class=\"eut-section eut-feature-footer\"><div class=\"eut-row eut-bookmark\"><div class=\"eut-column wpb_column eut-column-1-3\"><h2 class=\"eut-element eut-align-center eut-title-no-line eut-animated-item eut-fadeInUp\" style=\"\" data-delay=\"200\"><span>K\u00f8kken<\/span><\/h2><div class=\"eut-element eut-box eut-align-left eut-animated-item eut-fadeInUp\" style=\"\" data-delay=\"200\"><div class=\"eut-media\"><a href=\"https:\/\/designamalaga.com\/da\/kitchen\/\" target=\"_self\"><img width=\"1181\" height=\"1181\" src=\"https:\/\/designamalaga.com\/wp-content\/uploads\/2021\/03\/Apollo_BRICKS_Highres_01.jpg\" class=\"attachment-full size-full\" alt=\"\" loading=\"lazy\" srcset=\"https:\/\/designamalaga.com\/wp-content\/uploads\/2021\/03\/Apollo_BRICKS_Highres_01.jpg 1181w, https:\/\/designamalaga.com\/wp-content\/uploads\/2021\/03\/Apollo_BRICKS_Highres_01-300x300.jpg 300w, https:\/\/designamalaga.com\/wp-content\/uploads\/2021\/03\/Apollo_BRICKS_Highres_01-1024x1024.jpg 1024w, https:\/\/designamalaga.com\/wp-content\/uploads\/2021\/03\/Apollo_BRICKS_Highres_01-150x150.jpg 150w, https:\/\/designamalaga.com\/wp-content\/uploads\/2021\/03\/Apollo_BRICKS_Highres_01-768x768.jpg 768w, https:\/\/designamalaga.com\/wp-content\/uploads\/2021\/03\/Apollo_BRICKS_Highres_01-12x12.jpg 12w, https:\/\/designamalaga.com\/wp-content\/uploads\/2021\/03\/Apollo_BRICKS_Highres_01-600x600.jpg 600w, https:\/\/designamalaga.com\/wp-content\/uploads\/2021\/03\/Apollo_BRICKS_Highres_01-1120x1120.jpg 1120w\" sizes=\"(max-width: 1181px) 100vw, 1181px\" \/><\/a><\/div>  <div class=\"eut-box-content\">    <p><\/p>  <\/div><\/div><\/div><div class=\"eut-column wpb_column eut-column-1-3\"><h2 class=\"eut-element eut-align-center eut-title-no-line eut-animated-item eut-fadeInUp\" style=\"\" data-delay=\"200\"><span>Bad<\/span><\/h2><div class=\"eut-element eut-box eut-align-left eut-animated-item eut-fadeInUp\" style=\"\" data-delay=\"200\"><div class=\"eut-media\"><a href=\"https:\/\/designamalaga.com\/da\/bath\/\" target=\"_self\"><img width=\"1772\" height=\"1772\" src=\"https:\/\/designamalaga.com\/wp-content\/uploads\/2021\/04\/BATH_MODERN_DESIGNA_Orra_Rustika_Highres_02.jpg\" class=\"attachment-full size-full\" alt=\"\" loading=\"lazy\" srcset=\"https:\/\/designamalaga.com\/wp-content\/uploads\/2021\/04\/BATH_MODERN_DESIGNA_Orra_Rustika_Highres_02.jpg 1772w, https:\/\/designamalaga.com\/wp-content\/uploads\/2021\/04\/BATH_MODERN_DESIGNA_Orra_Rustika_Highres_02-300x300.jpg 300w, https:\/\/designamalaga.com\/wp-content\/uploads\/2021\/04\/BATH_MODERN_DESIGNA_Orra_Rustika_Highres_02-1024x1024.jpg 1024w, https:\/\/designamalaga.com\/wp-content\/uploads\/2021\/04\/BATH_MODERN_DESIGNA_Orra_Rustika_Highres_02-150x150.jpg 150w, https:\/\/designamalaga.com\/wp-content\/uploads\/2021\/04\/BATH_MODERN_DESIGNA_Orra_Rustika_Highres_02-768x768.jpg 768w, https:\/\/designamalaga.com\/wp-content\/uploads\/2021\/04\/BATH_MODERN_DESIGNA_Orra_Rustika_Highres_02-1536x1536.jpg 1536w, https:\/\/designamalaga.com\/wp-content\/uploads\/2021\/04\/BATH_MODERN_DESIGNA_Orra_Rustika_Highres_02-12x12.jpg 12w, https:\/\/designamalaga.com\/wp-content\/uploads\/2021\/04\/BATH_MODERN_DESIGNA_Orra_Rustika_Highres_02-600x600.jpg 600w, https:\/\/designamalaga.com\/wp-content\/uploads\/2021\/04\/BATH_MODERN_DESIGNA_Orra_Rustika_Highres_02-1120x1120.jpg 1120w\" sizes=\"(max-width: 1772px) 100vw, 1772px\" \/><\/a><\/div>  <div class=\"eut-box-content\">    <p><\/p>  <\/div><\/div><\/div><div class=\"eut-column wpb_column eut-column-1-3\"><h2 class=\"eut-element eut-align-center eut-title-no-line eut-animated-item eut-fadeInUp\" style=\"\" data-delay=\"200\"><span>Garderobe<\/span><\/h2><div class=\"eut-element eut-box eut-align-left eut-animated-item eut-fadeInUp\" style=\"\" data-delay=\"200\"><div class=\"eut-media\"><a href=\"https:\/\/designamalaga.com\/da\/wardrobe-2\/\" target=\"_self\"><img width=\"1181\" height=\"1181\" src=\"https:\/\/designamalaga.com\/wp-content\/uploads\/2021\/04\/wardrobe_Nougat_Highres.jpg\" class=\"attachment-full size-full\" alt=\"\" loading=\"lazy\" srcset=\"https:\/\/designamalaga.com\/wp-content\/uploads\/2021\/04\/wardrobe_Nougat_Highres.jpg 1181w, https:\/\/designamalaga.com\/wp-content\/uploads\/2021\/04\/wardrobe_Nougat_Highres-300x300.jpg 300w, https:\/\/designamalaga.com\/wp-content\/uploads\/2021\/04\/wardrobe_Nougat_Highres-1024x1024.jpg 1024w, https:\/\/designamalaga.com\/wp-content\/uploads\/2021\/04\/wardrobe_Nougat_Highres-150x150.jpg 150w, https:\/\/designamalaga.com\/wp-content\/uploads\/2021\/04\/wardrobe_Nougat_Highres-768x768.jpg 768w, https:\/\/designamalaga.com\/wp-content\/uploads\/2021\/04\/wardrobe_Nougat_Highres-12x12.jpg 12w, https:\/\/designamalaga.com\/wp-content\/uploads\/2021\/04\/wardrobe_Nougat_Highres-600x600.jpg 600w, https:\/\/designamalaga.com\/wp-content\/uploads\/2021\/04\/wardrobe_Nougat_Highres-1120x1120.jpg 1120w\" sizes=\"(max-width: 1181px) 100vw, 1181px\" \/><\/a><\/div>  <div class=\"eut-box-content\">    <p><\/p>  <\/div><\/div><\/div><\/div><div class=\"eut-bg-wrapper\"><\/div><\/div>","protected":false},"excerpt":{"rendered":"DESIGNA was founded in 1992 in Denmark.DESIGNA is Danish design made for everyday lifeRead more about uskitchen bath wardrobe","protected":false},"author":1,"featured_media":0,"parent":0,"menu_order":0,"comment_status":"closed","ping_status":"closed","template":"","meta":[],"_links":{"self":[{"href":"https:\/\/designamalaga.com\/da\/wp-json\/wp\/v2\/pages\/2048"}],"collection":[{"href":"https:\/\/designamalaga.com\/da\/wp-json\/wp\/v2\/pages"}],"about":[{"href":"https:\/\/designamalaga.com\/da\/wp-json\/wp\/v2\/types\/page"}],"author":[{"embeddable":true,"href":"https:\/\/designamalaga.com\/da\/wp-json\/wp\/v2\/users\/1"}],"replies":[{"embeddable":true,"href":"https:\/\/designamalaga.com\/da\/wp-json\/wp\/v2\/comments?post=2048"}],"version-history":[{"count":28,"href":"https:\/\/designamalaga.com\/da\/wp-json\/wp\/v2\/pages\/2048\/revisions"}],"predecessor-version":[{"id":2648,"href":"https:\/\/designamalaga.com\/da\/wp-json\/wp\/v2\/pages\/2048\/revisions\/2648"}],"wp:attachment":[{"href":"https:\/\/designamalaga.com\/da\/wp-json\/wp\/v2\/media?parent=2048"}],"curies":[{"name":"wp","href":"https:\/\/api.w.org\/{rel}","templated":true}]}}